{"id":2588,"date":"2025-08-20T13:27:37","date_gmt":"2025-08-20T11:27:37","guid":{"rendered":"https:\/\/knapp-service.de\/?page_id=2588"},"modified":"2025-08-20T13:27:37","modified_gmt":"2025-08-20T11:27:37","slug":"vg96953-7","status":"publish","type":"page","link":"https:\/\/knapp-service.de\/en\/certificate\/vg96953-7\/","title":{"rendered":"VG96953-7"},"content":{"rendered":"<div class=\"entry-content\">\n<p><strong>Zulassung f\u00fcr VG96953 Teil 7<\/strong><\/p>\n<p>VG96953 Erdungsmaterial<br \/>\nMilit\u00e4rische Bezeichnung der Bauelemente I Military Designation of the components<\/p>\n<\/div>\n<div class=\"entry-content\">Teil 7: Erdungssammelschienen<br \/>\ngem\u00e4\u00df Aufstellung Anlage zur Zulassungsurkunde Nr. U3.3i\/21028<\/div>","protected":false},"excerpt":{"rendered":"<p>Zulassung f\u00fcr VG96953 Teil 7 VG96953 Erdungsmaterial Milit\u00e4rische Bezeichnung der Bauelemente I Military Designation of the components Teil 7: Erdungssammelschienen gem\u00e4\u00df Aufstellung Anlage zur Zulassungsurkunde Nr. U3.3i\/21028<\/p>","protected":false},"author":1,"featured_media":2561,"parent":2481,"menu_order":0,"comment_status":"closed","ping_status":"closed","template":"","meta":{"footnotes":""},"class_list":["post-2588","page","type-page","status-publish","has-post-thumbnail","hentry"],"aioseo_notices":[],"jetpack_sharing_enabled":true,"_links":{"self":[{"href":"https:\/\/knapp-service.de\/en\/wp-json\/wp\/v2\/pages\/2588","targetHints":{"allow":["GET"]}}],"collection":[{"href":"https:\/\/knapp-service.de\/en\/wp-json\/wp\/v2\/pages"}],"about":[{"href":"https:\/\/knapp-service.de\/en\/wp-json\/wp\/v2\/types\/page"}],"author":[{"embeddable":true,"href":"https:\/\/knapp-service.de\/en\/wp-json\/wp\/v2\/users\/1"}],"replies":[{"embeddable":true,"href":"https:\/\/knapp-service.de\/en\/wp-json\/wp\/v2\/comments?post=2588"}],"version-history":[{"count":1,"href":"https:\/\/knapp-service.de\/en\/wp-json\/wp\/v2\/pages\/2588\/revisions"}],"predecessor-version":[{"id":2589,"href":"https:\/\/knapp-service.de\/en\/wp-json\/wp\/v2\/pages\/2588\/revisions\/2589"}],"up":[{"embeddable":true,"href":"https:\/\/knapp-service.de\/en\/wp-json\/wp\/v2\/pages\/2481"}],"wp:featuredmedia":[{"embeddable":true,"href":"https:\/\/knapp-service.de\/en\/wp-json\/wp\/v2\/media\/2561"}],"wp:attachment":[{"href":"https:\/\/knapp-service.de\/en\/wp-json\/wp\/v2\/media?parent=2588"}],"curies":[{"name":"wp","href":"https:\/\/api.w.org\/{rel}","templated":true}]}}