{"id":2586,"date":"2025-08-20T13:26:07","date_gmt":"2025-08-20T11:26:07","guid":{"rendered":"https:\/\/knapp-service.de\/?page_id=2586"},"modified":"2025-08-20T13:26:07","modified_gmt":"2025-08-20T11:26:07","slug":"vg96953-8","status":"publish","type":"page","link":"https:\/\/knapp-service.de\/en\/certificate\/vg96953-8\/","title":{"rendered":"VG96953-8"},"content":{"rendered":"<div class=\"entry-content\">\n<p><strong>Zulassung f\u00fcr VG96953 Teil 8<\/strong><\/p>\n<p>VG96953 Erdungsmaterial<br \/>\nMilit\u00e4rische Bezeichnung der Bauelemente I Military Designation of the components<\/p>\n<\/div>\n<div class=\"entry-content\">Teil 8: Erdungsadapter<br \/>\ngem\u00e4\u00df Aufstellung Anlage zur Zulassungsurkunde Nr. U3.3i\/21029<\/div>","protected":false},"excerpt":{"rendered":"<p>Zulassung f\u00fcr VG96953 Teil 8 VG96953 Erdungsmaterial Milit\u00e4rische Bezeichnung der Bauelemente I Military Designation of the components Teil 8: Erdungsadapter gem\u00e4\u00df Aufstellung Anlage zur Zulassungsurkunde Nr. U3.3i\/21029<\/p>","protected":false},"author":1,"featured_media":2562,"parent":2481,"menu_order":0,"comment_status":"closed","ping_status":"closed","template":"","meta":{"footnotes":""},"class_list":["post-2586","page","type-page","status-publish","has-post-thumbnail","hentry"],"aioseo_notices":[],"jetpack_sharing_enabled":true,"_links":{"self":[{"href":"https:\/\/knapp-service.de\/en\/wp-json\/wp\/v2\/pages\/2586","targetHints":{"allow":["GET"]}}],"collection":[{"href":"https:\/\/knapp-service.de\/en\/wp-json\/wp\/v2\/pages"}],"about":[{"href":"https:\/\/knapp-service.de\/en\/wp-json\/wp\/v2\/types\/page"}],"author":[{"embeddable":true,"href":"https:\/\/knapp-service.de\/en\/wp-json\/wp\/v2\/users\/1"}],"replies":[{"embeddable":true,"href":"https:\/\/knapp-service.de\/en\/wp-json\/wp\/v2\/comments?post=2586"}],"version-history":[{"count":1,"href":"https:\/\/knapp-service.de\/en\/wp-json\/wp\/v2\/pages\/2586\/revisions"}],"predecessor-version":[{"id":2587,"href":"https:\/\/knapp-service.de\/en\/wp-json\/wp\/v2\/pages\/2586\/revisions\/2587"}],"up":[{"embeddable":true,"href":"https:\/\/knapp-service.de\/en\/wp-json\/wp\/v2\/pages\/2481"}],"wp:featuredmedia":[{"embeddable":true,"href":"https:\/\/knapp-service.de\/en\/wp-json\/wp\/v2\/media\/2562"}],"wp:attachment":[{"href":"https:\/\/knapp-service.de\/en\/wp-json\/wp\/v2\/media?parent=2586"}],"curies":[{"name":"wp","href":"https:\/\/api.w.org\/{rel}","templated":true}]}}