{"id":2581,"date":"2025-08-20T13:05:41","date_gmt":"2025-08-20T11:05:41","guid":{"rendered":"https:\/\/knapp-service.de\/?page_id=2581"},"modified":"2025-08-25T12:44:33","modified_gmt":"2025-08-25T10:44:33","slug":"vg95211","status":"publish","type":"page","link":"https:\/\/knapp-service.de\/en\/certificate\/vg95211\/","title":{"rendered":"VG95211"},"content":{"rendered":"<div class=\"entry-content\">\n<p><strong>Zulassung f\u00fcr VG95211 Hersteller<\/strong><\/p>\n<p>Milit\u00e4rische Bezeichnung der Bauelemente I Military Designation of the components<\/p>\n<\/div>\n<div class=\"entry-content\">Hersteller von 364059 Batteriebeh\u00e4lter (6160-12-177-0094)<br \/>\nZulassungsurkunde Nr. E41E 21-000001<\/div>\n<p>&nbsp;<\/p>\n<p>&nbsp;<\/p>\n<p>&nbsp;<\/p>\n<div class=\"ce_textarea attribute textarea\">\n<p>&nbsp;<\/p>\n<\/div>","protected":false},"excerpt":{"rendered":"<p>Zulassung f\u00fcr VG95211 Hersteller Milit\u00e4rische Bezeichnung der Bauelemente I Military Designation of the components Hersteller von 364059 Batteriebeh\u00e4lter (6160-12-177-0094) Zulassungsurkunde Nr. E41E 21-000001 &nbsp; &nbsp; &nbsp; &nbsp;<\/p>","protected":false},"author":1,"featured_media":2564,"parent":2481,"menu_order":1,"comment_status":"closed","ping_status":"closed","template":"","meta":{"footnotes":""},"class_list":["post-2581","page","type-page","status-publish","has-post-thumbnail","hentry"],"aioseo_notices":[],"jetpack_sharing_enabled":true,"_links":{"self":[{"href":"https:\/\/knapp-service.de\/en\/wp-json\/wp\/v2\/pages\/2581","targetHints":{"allow":["GET"]}}],"collection":[{"href":"https:\/\/knapp-service.de\/en\/wp-json\/wp\/v2\/pages"}],"about":[{"href":"https:\/\/knapp-service.de\/en\/wp-json\/wp\/v2\/types\/page"}],"author":[{"embeddable":true,"href":"https:\/\/knapp-service.de\/en\/wp-json\/wp\/v2\/users\/1"}],"replies":[{"embeddable":true,"href":"https:\/\/knapp-service.de\/en\/wp-json\/wp\/v2\/comments?post=2581"}],"version-history":[{"count":5,"href":"https:\/\/knapp-service.de\/en\/wp-json\/wp\/v2\/pages\/2581\/revisions"}],"predecessor-version":[{"id":2607,"href":"https:\/\/knapp-service.de\/en\/wp-json\/wp\/v2\/pages\/2581\/revisions\/2607"}],"up":[{"embeddable":true,"href":"https:\/\/knapp-service.de\/en\/wp-json\/wp\/v2\/pages\/2481"}],"wp:featuredmedia":[{"embeddable":true,"href":"https:\/\/knapp-service.de\/en\/wp-json\/wp\/v2\/media\/2564"}],"wp:attachment":[{"href":"https:\/\/knapp-service.de\/en\/wp-json\/wp\/v2\/media?parent=2581"}],"curies":[{"name":"wp","href":"https:\/\/api.w.org\/{rel}","templated":true}]}}