{"id":2573,"date":"2025-08-20T13:22:14","date_gmt":"2025-08-20T11:22:14","guid":{"rendered":"https:\/\/knapp-service.de\/?page_id=2573"},"modified":"2025-08-25T12:41:48","modified_gmt":"2025-08-25T10:41:48","slug":"vg96953-13","status":"publish","type":"page","link":"https:\/\/knapp-service.de\/en\/certificate\/vg96953-13\/","title":{"rendered":"VG96953-13"},"content":{"rendered":"<div class=\"entry-content\">\n<p><strong>Zulassung f\u00fcr VG96953 Teil 13<\/strong><\/p>\n<p>VG96953 Erdungsmaterial<br \/>\nMilit\u00e4rische Bezeichnung der Bauelemente I Military Designation of the components<\/p><\/div>\n<div class=\"entry-content\">\nTeil 13: Verbinder aus Metallstreifen<br \/>\ngem\u00e4\u00df Aufstellung Anlage zur Zulassungsurkunde Nr. U3.3e\/25019<\/div>","protected":false},"excerpt":{"rendered":"<p>Zulassung f\u00fcr VG96953 Teil 13 VG96953 Erdungsmaterial Milit\u00e4rische Bezeichnung der Bauelemente I Military Designation of the components Teil 13: Verbinder aus Metallstreifen gem\u00e4\u00df Aufstellung Anlage zur Zulassungsurkunde Nr. U3.3e\/25019<\/p>","protected":false},"author":1,"featured_media":2567,"parent":2481,"menu_order":0,"comment_status":"closed","ping_status":"closed","template":"","meta":{"footnotes":""},"class_list":["post-2573","page","type-page","status-publish","has-post-thumbnail","hentry"],"aioseo_notices":[],"jetpack_sharing_enabled":true,"_links":{"self":[{"href":"https:\/\/knapp-service.de\/en\/wp-json\/wp\/v2\/pages\/2573","targetHints":{"allow":["GET"]}}],"collection":[{"href":"https:\/\/knapp-service.de\/en\/wp-json\/wp\/v2\/pages"}],"about":[{"href":"https:\/\/knapp-service.de\/en\/wp-json\/wp\/v2\/types\/page"}],"author":[{"embeddable":true,"href":"https:\/\/knapp-service.de\/en\/wp-json\/wp\/v2\/users\/1"}],"replies":[{"embeddable":true,"href":"https:\/\/knapp-service.de\/en\/wp-json\/wp\/v2\/comments?post=2573"}],"version-history":[{"count":3,"href":"https:\/\/knapp-service.de\/en\/wp-json\/wp\/v2\/pages\/2573\/revisions"}],"predecessor-version":[{"id":2576,"href":"https:\/\/knapp-service.de\/en\/wp-json\/wp\/v2\/pages\/2573\/revisions\/2576"}],"up":[{"embeddable":true,"href":"https:\/\/knapp-service.de\/en\/wp-json\/wp\/v2\/pages\/2481"}],"wp:featuredmedia":[{"embeddable":true,"href":"https:\/\/knapp-service.de\/en\/wp-json\/wp\/v2\/media\/2567"}],"wp:attachment":[{"href":"https:\/\/knapp-service.de\/en\/wp-json\/wp\/v2\/media?parent=2573"}],"curies":[{"name":"wp","href":"https:\/\/api.w.org\/{rel}","templated":true}]}}