{"id":2542,"date":"2025-08-20T15:00:38","date_gmt":"2025-08-20T13:00:38","guid":{"rendered":"https:\/\/knapp-service.de\/?page_id=2542"},"modified":"2025-08-25T12:40:09","modified_gmt":"2025-08-25T10:40:09","slug":"iso9001-2","status":"publish","type":"page","link":"https:\/\/knapp-service.de\/en\/certificate\/iso9001-2\/","title":{"rendered":"ISO 9001"},"content":{"rendered":"<div class=\"entry-content\">\n<p><strong>Qualit\u00e4t mit System \u2013 nach ISO 9001 zertifiziert<\/strong><\/p>\n<p>&nbsp;<\/p>\n<p>Qualit\u00e4t ist f\u00fcr uns kein Zufall, sondern das Ergebnis eines klar strukturierten Managementsystems.<\/p>\n<p>Unser Unternehmen wird regelm\u00e4\u00dfig nach der internationalen Norm ISO 9001 zertifiziert. Diese Zertifizierung best\u00e4tigt, dass wir unsere Prozesse kontinuierlich \u00fcberwachen, optimieren und an h\u00f6chste Standards anpassen \u2013 zum Vorteil unserer Kunden und Partner.<\/p>\n<p>&nbsp;<\/p>\n<p>Durch die wiederkehrenden Audits unabh\u00e4ngiger Pr\u00fcforganisationen stellen wir sicher, dass unsere Qualit\u00e4tsziele nicht nur auf dem Papier stehen, sondern t\u00e4glich gelebt werden. Das bedeutet f\u00fcr Sie: verl\u00e4ssliche Abl\u00e4ufe, transparente Prozesse und h\u00f6chste Kundenzufriedenheit.<\/p>\n<p>&nbsp;<\/p>\n<p>Unser Versprechen: Wir entwickeln uns stetig weiter, um Ihnen heute und in Zukunft die bestm\u00f6gliche Qualit\u00e4t zu liefern \u2013 gepr\u00fcft und best\u00e4tigt nach ISO 9001.<\/p>\n<\/div>","protected":false},"excerpt":{"rendered":"<p>Qualit\u00e4t mit System \u2013 nach ISO 9001 zertifiziert &nbsp; Qualit\u00e4t ist f\u00fcr uns kein Zufall, sondern das Ergebnis eines klar strukturierten Managementsystems. Unser Unternehmen wird regelm\u00e4\u00dfig nach der internationalen Norm ISO 9001 zertifiziert. Diese Zertifizierung best\u00e4tigt, dass wir unsere Prozesse kontinuierlich \u00fcberwachen, optimieren und an h\u00f6chste Standards anpassen \u2013 zum Vorteil unserer Kunden und Partner. &nbsp; Durch die wiederkehrenden Audits&hellip;<\/p>","protected":false},"author":1,"featured_media":2572,"parent":2481,"menu_order":0,"comment_status":"closed","ping_status":"closed","template":"","meta":{"footnotes":""},"class_list":["post-2542","page","type-page","status-publish","has-post-thumbnail","hentry"],"aioseo_notices":[],"jetpack_sharing_enabled":true,"_links":{"self":[{"href":"https:\/\/knapp-service.de\/en\/wp-json\/wp\/v2\/pages\/2542","targetHints":{"allow":["GET"]}}],"collection":[{"href":"https:\/\/knapp-service.de\/en\/wp-json\/wp\/v2\/pages"}],"about":[{"href":"https:\/\/knapp-service.de\/en\/wp-json\/wp\/v2\/types\/page"}],"author":[{"embeddable":true,"href":"https:\/\/knapp-service.de\/en\/wp-json\/wp\/v2\/users\/1"}],"replies":[{"embeddable":true,"href":"https:\/\/knapp-service.de\/en\/wp-json\/wp\/v2\/comments?post=2542"}],"version-history":[{"count":3,"href":"https:\/\/knapp-service.de\/en\/wp-json\/wp\/v2\/pages\/2542\/revisions"}],"predecessor-version":[{"id":2551,"href":"https:\/\/knapp-service.de\/en\/wp-json\/wp\/v2\/pages\/2542\/revisions\/2551"}],"up":[{"embeddable":true,"href":"https:\/\/knapp-service.de\/en\/wp-json\/wp\/v2\/pages\/2481"}],"wp:featuredmedia":[{"embeddable":true,"href":"https:\/\/knapp-service.de\/en\/wp-json\/wp\/v2\/media\/2572"}],"wp:attachment":[{"href":"https:\/\/knapp-service.de\/en\/wp-json\/wp\/v2\/media?parent=2542"}],"curies":[{"name":"wp","href":"https:\/\/api.w.org\/{rel}","templated":true}]}}