{"id":2482,"date":"2025-08-20T13:24:22","date_gmt":"2025-08-20T11:24:22","guid":{"rendered":"https:\/\/knapp-service.de\/?page_id=2482"},"modified":"2025-08-25T12:41:32","modified_gmt":"2025-08-25T10:41:32","slug":"vg96953-10","status":"publish","type":"page","link":"https:\/\/knapp-service.de\/en\/certificate\/vg96953-10\/","title":{"rendered":"VG96953-10"},"content":{"rendered":"<div class=\"entry-content\">\n<p><strong>Zulassung f\u00fcr VG96953 Teil 10<\/strong><\/p>\n<p>VG96953 Erdungsmaterial<br \/>\nMilit\u00e4rische Bezeichnung der Bauelemente I Military Designation of the components<\/p>\n<\/div>\n<div class=\"entry-content\">Teil 10: Erder<br \/>\ngem\u00e4\u00df Aufstellung Anlage zur Zulassungsurkunde Nr. U3.3i\/21031<\/div>\n<p>&nbsp;<\/p>\n<p>&nbsp;<\/p>\n<p>&nbsp;<\/p>\n<div class=\"ce_textarea attribute textarea\">\n<p>&nbsp;<\/p>\n<\/div>","protected":false},"excerpt":{"rendered":"<p>Zulassung f\u00fcr VG96953 Teil 10 VG96953 Erdungsmaterial Milit\u00e4rische Bezeichnung der Bauelemente I Military Designation of the components Teil 10: Erder gem\u00e4\u00df Aufstellung Anlage zur Zulassungsurkunde Nr. U3.3i\/21031 &nbsp; &nbsp; &nbsp; &nbsp;<\/p>","protected":false},"author":1,"featured_media":2566,"parent":2481,"menu_order":1,"comment_status":"closed","ping_status":"closed","template":"","meta":{"footnotes":""},"class_list":["post-2482","page","type-page","status-publish","has-post-thumbnail","hentry"],"aioseo_notices":[],"jetpack_sharing_enabled":true,"_links":{"self":[{"href":"https:\/\/knapp-service.de\/en\/wp-json\/wp\/v2\/pages\/2482","targetHints":{"allow":["GET"]}}],"collection":[{"href":"https:\/\/knapp-service.de\/en\/wp-json\/wp\/v2\/pages"}],"about":[{"href":"https:\/\/knapp-service.de\/en\/wp-json\/wp\/v2\/types\/page"}],"author":[{"embeddable":true,"href":"https:\/\/knapp-service.de\/en\/wp-json\/wp\/v2\/users\/1"}],"replies":[{"embeddable":true,"href":"https:\/\/knapp-service.de\/en\/wp-json\/wp\/v2\/comments?post=2482"}],"version-history":[{"count":10,"href":"https:\/\/knapp-service.de\/en\/wp-json\/wp\/v2\/pages\/2482\/revisions"}],"predecessor-version":[{"id":2577,"href":"https:\/\/knapp-service.de\/en\/wp-json\/wp\/v2\/pages\/2482\/revisions\/2577"}],"up":[{"embeddable":true,"href":"https:\/\/knapp-service.de\/en\/wp-json\/wp\/v2\/pages\/2481"}],"wp:featuredmedia":[{"embeddable":true,"href":"https:\/\/knapp-service.de\/en\/wp-json\/wp\/v2\/media\/2566"}],"wp:attachment":[{"href":"https:\/\/knapp-service.de\/en\/wp-json\/wp\/v2\/media?parent=2482"}],"curies":[{"name":"wp","href":"https:\/\/api.w.org\/{rel}","templated":true}]}}