{"id":2013,"date":"2025-04-17T11:18:03","date_gmt":"2025-04-17T09:18:03","guid":{"rendered":"https:\/\/neu.knapp-service.de\/?page_id=2013"},"modified":"2025-04-17T11:20:22","modified_gmt":"2025-04-17T09:20:22","slug":"hinweisgebersystem","status":"publish","type":"page","link":"https:\/\/knapp-service.de\/en\/hinweisgebersystem\/","title":{"rendered":"Whistleblower system"},"content":{"rendered":"<h3>Whistleblower system<\/h3>\n<p>Have you received information about violations in connection with your professional activities or prior to starting a professional activity? We have established a whistleblower system to fairly and appropriately investigate reports of violations that pose risks to the company, its employees, and other individuals.<\/p>\n<p>Examples of violations that pose risks include corruption, antitrust, and money laundering offenses, as well as violations of technical specifications or environmental regulations. Personal matters, such as sexual harassment or human rights violations, are also included.<\/p>\n<p>Whistleblowers who report possible violations based on concrete evidence are protected by the company. Their confidentiality is guaranteed.<\/p>\n<p>&nbsp;<\/p>\n<p><strong>How is a tip processed?<\/strong><\/p>\n<p>Qualified and experienced employees at the reporting center thoroughly review all reports for possible violations and systematically investigate them.<\/p>\n<ul>\n<li>You will first receive an acknowledgement of receipt.<\/li>\n<li>The reported matter is reviewed. This includes obtaining information, particularly from the whistleblower. Only if this results in initial suspicion of a possible violation of the rules will an appropriate internal investigation be conducted.<\/li>\n<li>After the review is completed, the reporting center evaluates the results and, if misconduct is identified, announces appropriate follow-up measures.<\/li>\n<li>The company will take appropriate measures to remedy the violations.<\/li>\n<\/ul>\n<p>You will be informed immediately about the status of your report and the outcome of any investigation, unless you have submitted an anonymous report.<\/p>\n<p>&nbsp;<\/p>\n<p><strong>What reporting channels are available?<\/strong><\/p>\n<p>You can submit reports of violations of the rules via the whistleblower system.\u00a0<a href=\"https:\/\/knapp-service-koblenz-gmbh.hinweis.digital\/\"><strong>Whistleblower system<\/strong><\/a>\u00a0abgeben.<\/p>\n<p>&nbsp;<\/p>\n<p><a href=\"https:\/\/knapp-service-koblenz-gmbh.hinweis.digital\/\" target=\"_blank\" rel=\"noopener\"><img data-recalc-dims=\"1\" decoding=\"async\" class=\"aligncenter\" src=\"https:\/\/i0.wp.com\/www.knapp-service.de\/files\/cto_layout\/img\/sets\/button.png?resize=246%2C44&#038;ssl=1\" alt=\"\" width=\"246\" height=\"44\" \/><\/a><\/p>\n<p>&nbsp;<\/p>\n<p>Further information and operating instructions will be provided when you access the system.<\/p>","protected":false},"excerpt":{"rendered":"<p>Hinweisgebersystem Haben Sie im Zusammenhang mit Ihrer beruflichen T\u00e4tigkeit oder im Vorfeld einer beruflichen T\u00e4tigkeit Informationen \u00fcber Verst\u00f6\u00dfe erlangt? Um Hinweisen auf Verst\u00f6\u00dfe mit Risiken f\u00fcr das Unternehmen, seine Besch\u00e4ftigten und andere Personen fair und angemessen nachzugehen, haben wir das Hinweisgebersystem eingerichtet. Zu Regelverst\u00f6\u00dfen mit Risiken geh\u00f6ren beispielsweise Korruptions-, Kartellrechts- und Geldw\u00e4schedelikte sowie Verst\u00f6\u00dfe gegen technische Vorgaben oder Verletzungen von&hellip;<\/p>","protected":false},"author":1,"featured_media":0,"parent":0,"menu_order":0,"comment_status":"closed","ping_status":"closed","template":"","meta":{"footnotes":""},"class_list":["post-2013","page","type-page","status-publish","hentry"],"aioseo_notices":[],"jetpack_sharing_enabled":true,"_links":{"self":[{"href":"https:\/\/knapp-service.de\/en\/wp-json\/wp\/v2\/pages\/2013","targetHints":{"allow":["GET"]}}],"collection":[{"href":"https:\/\/knapp-service.de\/en\/wp-json\/wp\/v2\/pages"}],"about":[{"href":"https:\/\/knapp-service.de\/en\/wp-json\/wp\/v2\/types\/page"}],"author":[{"embeddable":true,"href":"https:\/\/knapp-service.de\/en\/wp-json\/wp\/v2\/users\/1"}],"replies":[{"embeddable":true,"href":"https:\/\/knapp-service.de\/en\/wp-json\/wp\/v2\/comments?post=2013"}],"version-history":[{"count":0,"href":"https:\/\/knapp-service.de\/en\/wp-json\/wp\/v2\/pages\/2013\/revisions"}],"wp:attachment":[{"href":"https:\/\/knapp-service.de\/en\/wp-json\/wp\/v2\/media?parent=2013"}],"curies":[{"name":"wp","href":"https:\/\/api.w.org\/{rel}","templated":true}]}}