{"id":1994,"date":"2025-04-17T09:11:15","date_gmt":"2025-04-17T07:11:15","guid":{"rendered":"https:\/\/neu.knapp-service.de\/?page_id=1994"},"modified":"2026-02-04T12:54:58","modified_gmt":"2026-02-04T11:54:58","slug":"karriere","status":"publish","type":"page","link":"https:\/\/knapp-service.de\/en\/karriere\/","title":{"rendered":"Career"},"content":{"rendered":"<div class=\"hero-section\" style=\"position: relative; background: url('https:\/\/knapp-service.de\/wp-content\/uploads\/2025\/04\/sj0imtq_z4w.jpg') no-repeat center center; background-size: cover; height: 500px;\">\n<div class=\"hero-text\" style=\"position: absolute; top: 50%; left: 10%; transform: translateY(-50%); color: white; background: rgba(0,0,0,0.5); padding: 20px; border-radius: 8px;\">\n<p><span style=\"font-size: 18pt; color: #ffffff;\">Become part of our team \u2013 technology that works. A job that counts.<\/span><\/p>\n<\/div>\n<\/div>\n<p>&nbsp;<\/p>\n<p>&nbsp;<\/p>\n<p><span style=\"font-size: 14pt;\"><strong>Our current job offers:<\/strong><\/span><\/p>\n<div class=\"sjb-page\">\r\n<!-- Start: Jobs Listing Wrapper -->\r\n\r\n\r\n<!-- Start Job Filters\r\n================================================== -->\r\n<div class=\"sjb-filters sjb-filters-v1\">\r\n        <form class=\"filters-form\" action=\"https:\/\/knapp-service.de\/en\/karriere\/\" method=\"get\" data-trp-original-action=\"https:\/\/knapp-service.de\/en\/karriere\/\">\r\n        <div class=\"row\">\r\n            \r\n    <!-- Keywords Search-->    \r\n    <div class=\"sjb-search-keywords col-md-10 col-xs-12\">\r\n        <div class=\"form-group\">\r\n                        <label class=\"sr-only\" for=\"keywords\">Keywords<\/label>\r\n            <input type=\"text\" class=\"form-control\" value=\"\" placeholder=\"Keywords\" id=\"keywords\" name=\"search_keywords\">\r\n        <\/div>\r\n    <\/div>\r\n    <div class=\"sjb-search-button col-md-3 col-xs-12\"><input class=\"btn-search btn btn-primary\" value=\"&#xf002;\" type=\"submit\"><\/div>        <\/div>\r\n    <input type=\"hidden\" name=\"trp-form-language\" value=\"en\"\/><\/form>\r\n<\/div>\r\n<!-- ==================================================\r\nEnd Job Filters -->\r\n\r\n\r\n<div class=\"sjb-listing\">\r\n        <!-- start Jobs Listing: List View -->\r\n    <div class=\"list-view\">\r\n        \r\n    \n<!-- Start Jobs List View \n================================================== -->\n<div class=\"list-data\">\n    <div class=\"v1 sjb-job-2694\">   \n        \n        <!-- Jobs List view header -->\n        <header>\n            <div class=\"row\">\n                \r\n<!-- Start Company Logo\r\n================================================== -->\r\n\r\n<!-- ==================================================\r\nEnd Company Logo -->\r\n\r\n    \n                <div class=\"col-md-12 col-sm-12\">\n                    <div class=\"row sjb-list-row\">\n\n                    <div class=\"col-md-5 col-sm-12\">\r\n    <div class=\"job-info\">\r\n        <h4>\r\n            <a href=\"https:\/\/knapp-service.de\/en\/jobs\/mitarbeiter-qualitaetssicherung-m-w-d\/\">\r\n                <span class=\"job-title\">Mitarbeiter Qualit\u00e4tssicherung (m\/w\/d)<\/span>            <\/a>\r\n\r\n        <\/h4>\r\n            <\/div>\r\n<\/div>\r\n\r\n<!-- Start Job Type\r\n================================================== -->\r\n<div class=\"col-md-2 col-sm-4 col-xs-12\">    \r\n     \r\n<\/div>\r\n<!-- ==================================================\r\nEnd Job Type -->\r\n\r\n\r\n<!-- Start Job's Location\r\n================================================== -->\r\n<div class=\"col-md-2 col-sm-4 col-xs-12\">\r\n    <\/div>\r\n<!-- ==================================================\r\nEnd Job's Location -->\r\n\r\n\r\n<!-- Start Job Posted Date\r\n================================================== -->\r\n<div class=\"col-md-3 col-sm-4 col-xs-12\">\r\n            <div class=\"job-date\"><i class=\"fa  fa-calendar-check\"><\/i>Posted 3 weeks ago<\/div>\r\n    <\/div>\r\n<!-- ==================================================\r\nEnd Job Posted Date -->\r\n\r\n                        \n                    <\/div> \n                <\/div>\n            <\/div>\n        <\/header>\n\n        \r\n    <!-- View more content start\r\n    ================================= -->\r\n    \r\n<!-- View long content start \r\n================================================== -->\r\n<div class=\"sjb_more_content\" id=\"sjb_more_content_2694\">\r\n    <strong>Mitarbeiter Qualit\u00e4tssicherung (m\/w\/d)<\/strong>\r\n\r\nf\u00fcr ein innovatives mittelst\u00e4ndisches Unternehmen im Bereich Elektrotechnik &amp; Fahrzeugausstattung.\r\n\r\nSie m\u00f6chten als Mitarbeiter der QS fungieren und als Bindeglied zwischen Produktion, Einkauf und\r\nKunden, Qualit\u00e4tsstandards definieren und durchsetzen? Dann sind Sie bei uns genau richtig!\r\n\r\nDie <strong>Knapp Service Koblenz GmbH<\/strong> ist ein etabliertes, mittelst\u00e4ndisches Unternehmen mit rund 50 Mitarbeitenden und Sitz in Koblenz. Seit Jahrzehnten stehen wir f\u00fcr Qualit\u00e4t, Zuverl\u00e4ssigkeit und individuelle L\u00f6sungen im Bereich der Elektrotechnik \u2013 insbesondere bei der Einr\u00fcstung und Instandsetzung von Kabelb\u00e4umen, Baugruppen und Einbaus\u00e4tzen in Fahrzeugen.\r\n\r\nAls Mitarbeiter der Qualit\u00e4tssicherung (QS) verfolgen Sie das Hauptziel, durch proaktive\r\nFehlervermeidung, Einhaltung von Standards und Prozessoptimierung, eine gleichbleibend hohe\r\nProdukt- oder Dienstleistungsqualit\u00e4t zu sichern.\r\n\r\nZur Verst\u00e4rkung unseres Teams suchen wir zum n\u00e4chstm\u00f6glichen Zeitpunkt einen engagierten <strong>Mitarbeiter Qualit\u00e4tssicherung (m\/w\/d)<\/strong>\r\n\r\n&nbsp;\r\n\r\n<hr class=\"\" style=\"padding-left: 40px;\" data-start=\"945\" data-end=\"948\" \/>\r\n\r\n<strong>Your tasks \u2013 varied &amp; responsible:<\/strong>\r\n<ul>\r\n \t<li>Durchf\u00fchrung und Dokumentation der elektr. Pr\u00fcfungen<\/li>\r\n \t<li>Programmierung der elektr. Pr\u00fcfprogramme an der Testanlage aufgrund Zeichnung\/Schaltplan<\/li>\r\n \t<li>Planung, Erstellung und Unterst\u00fctzung der Fertigung von elektr. Pr\u00fcfadaptern und Adapterkabel zur Durchf\u00fchrung der elektr. Pr\u00fcfungen an der Testanlage<\/li>\r\n \t<li>Dokumentation und Pflege der Pr\u00fcfprogramme, Pr\u00fcfadapter und Adapterkabel<\/li>\r\n \t<li>Erstellen der Pr\u00fcfanweisungen und Pr\u00fcfprotokollen, sowie deren Pflege<\/li>\r\n \t<li>Befundung elektr. Baugruppen Instandsetzung, sowie deren Dokumentation<\/li>\r\n \t<li>Endpr\u00fcfung elektr. Baugruppen Neufertigung und Instandsetzung, sowie deren Dokumentation<\/li>\r\n<\/ul>\r\n&nbsp;\r\n\r\n<hr class=\"\" style=\"padding-left: 40px;\" data-start=\"1662\" data-end=\"1665\" \/>\r\n\r\n<strong>Your profile \u2013 what you should bring with you:<\/strong>\r\n<ul>\r\n \t<li>Technische Ausbildung zum gepr\u00fcften Qualit\u00e4tsfachmann oder vergleichbarem<\/li>\r\n \t<li>Elektrotechnische Ausbildung oder Kenntnisse auf sehr hohem Level erforderlich<\/li>\r\n \t<li>Verst\u00e4ndnis eines Qualit\u00e4tsmanagementsystems<\/li>\r\n \t<li>Hohes Verst\u00e4ndnis im Umgang und lesen von technischen Zeichnungen und Schaltpl\u00e4nen<\/li>\r\n \t<li>Erfahrung mit Messmitteln<\/li>\r\n \t<li>Erfahrung in Programmierung w\u00fcnschenswert<\/li>\r\n \t<li>Strukturierte, l\u00f6sungs- und zielorientierte Arbeitsweise<\/li>\r\n \t<li>Teamf\u00e4higkeit, Motivation, Kommunikationsf\u00e4higkeit und Sozialkompetenz<\/li>\r\n \t<li>Experience in using ERP systems, ideally SAP<\/li>\r\n \t<li>Gute Deutschkenntnisse in Wort und Schrift<\/li>\r\n<\/ul>\r\n&nbsp;\r\n\r\n<hr class=\"\" style=\"padding-left: 40px;\" data-start=\"2298\" data-end=\"2301\" \/>\r\n\r\n<strong>Our offer \u2013 your advantages with us:<\/strong>\r\n<ul>\r\n \t<li>13th monthly salary (vacation and Christmas bonus)<\/li>\r\n \t<li>Flexible working hours and free bridge days<\/li>\r\n \t<li>Modern working environment with air-conditioned rooms and ergonomic workstations<\/li>\r\n \t<li>E-Ladestationen f\u00fcr Autos und E-Bikes<\/li>\r\n \t<li>Kostenloses Obst, Wasser und Kaffee und Tee zur St\u00e4rkung im Arbeitsalltag<\/li>\r\n \t<li>Ample parking on site<\/li>\r\n \t<li>Very good transport connections due to direct location on the motorway<\/li>\r\n<\/ul>\r\n&nbsp;\r\n\r\n<hr class=\"\" style=\"padding-left: 40px;\" data-start=\"2778\" data-end=\"2781\" \/>\r\n\r\n<h3 class=\"\" style=\"padding-left: 40px;\" data-start=\"2783\" data-end=\"2826\"><strong data-start=\"2787\" data-end=\"2826\">Curious? Apply now!<\/strong><\/h3>\r\n<p class=\"\" style=\"padding-left: 40px;\" data-start=\"2828\" data-end=\"2956\">We look forward to receiving your detailed application including your CV, earliest possible starting date and salary expectations.<\/p>\r\n<p class=\"\" style=\"padding-left: 40px;\" data-start=\"2958\" data-end=\"3151\">Send your documents by email to:<br data-start=\"2999\" data-end=\"3002\" \/><strong data-start=\"3002\" data-end=\"3032\">Knapp Service Koblenz GmbH<\/strong><br data-start=\"3032\" data-end=\"3035\" \/>Human Resources Department<br data-start=\"3052\" data-end=\"3055\" \/>Attn: Ms. Annette Volk<br data-start=\"3079\" data-end=\"3082\" \/>Am Autobahnkreuz 9<br data-start=\"3100\" data-end=\"3103\" \/>56072 Koblenz<br data-start=\"3116\" data-end=\"3119\" \/>\ud83d\udce7 <strong data-start=\"3122\" data-end=\"3151\"><a rel=\"noopener\" data-start=\"3124\" data-end=\"3149\">karriere@knapp-service.de<\/a><\/strong><\/p>\r\n<p class=\"\" style=\"padding-left: 40px;\" data-start=\"3153\" data-end=\"3233\">Or use our convenient <strong data-start=\"3187\" data-end=\"3216\">online application form<\/strong>.<\/p>    \r\n<!-- Start Job Features\r\n================================================== -->\r\n<div class=\"job-features\">\r\n    \r\n    <table class=\"table\">\r\n        <tbody>\r\n            \r\n                        <\/tbody>\r\n    <\/table>\r\n<\/div>\r\n<!-- ==================================================\r\nEnd Job Features -->\r\n\r\n<div class=\"clearfix\"><\/div>\r\n<\/div>\r\n<!-- ==================================================\r\nView long content end  -->\r\n\r\n    <!-- View more content end\r\n    ================================= -->\r\n\r\n    <!-- Start Job Short Description \r\n    ================================================== -->\r\n    <div class=\"job-description\">\r\n        <div id=\"sjb_less_content_2694\"><p>Mitarbeiter Qualit\u00e4tssicherung (m\/w\/d) f\u00fcr ein innovatives mittelst\u00e4ndisches Unternehmen im Bereich Elektrotechnik &amp; Fahrzeugausstattung. Sie m\u00f6chten als Mitarbeiter der QS fungieren und als B...<\/p><\/div><div class=\"sjb-apply-now-btn\"><p><p><a href=\"https:\/\/knapp-service.de\/en\/jobs\/mitarbeiter-qualitaetssicherung-m-w-d\/\" class=\"btn btn-primary\">Mehr...<\/a><\/p><div class=\"sjb-view-less-btn\" id=\"sjb_view_less_btn_2694\"><a data-id=\"2694\" class=\"sjb_view_less_btn sjb_view_more_btn\">View less<\/a><\/div><\/p><\/div>    <\/div>\r\n    <!-- ==================================================\r\n    End Job Short Description  -->\r\n\r\n        <\/div>\n<\/div>\n<!-- ==================================================\nEnd Jobs List View -->\n\n<div class=\"clearfix\"><\/div>\n\n\n<!-- Start Jobs List View \n================================================== -->\n<div class=\"list-data\">\n    <div class=\"v1 sjb-job-2715\">   \n        \n        <!-- Jobs List view header -->\n        <header>\n            <div class=\"row\">\n                \r\n<!-- Start Company Logo\r\n================================================== -->\r\n\r\n<!-- ==================================================\r\nEnd Company Logo -->\r\n\r\n    \n                <div class=\"col-md-12 col-sm-12\">\n                    <div class=\"row sjb-list-row\">\n\n                    <div class=\"col-md-5 col-sm-12\">\r\n    <div class=\"job-info\">\r\n        <h4>\r\n            <a href=\"https:\/\/knapp-service.de\/en\/jobs\/mitarbeiter-mechanische-und-elektrische-fertigung-sowie-mobile-instandsetzung-m-w-d\/\">\r\n                <span class=\"job-title\">Mitarbeiter Mechanische und elektrische Fertigung sowie mobile Instandsetzung (m\/w\/d)<\/span>            <\/a>\r\n\r\n        <\/h4>\r\n            <\/div>\r\n<\/div>\r\n\r\n<!-- Start Job Type\r\n================================================== -->\r\n<div class=\"col-md-2 col-sm-4 col-xs-12\">    \r\n     \r\n<\/div>\r\n<!-- ==================================================\r\nEnd Job Type -->\r\n\r\n\r\n<!-- Start Job's Location\r\n================================================== -->\r\n<div class=\"col-md-2 col-sm-4 col-xs-12\">\r\n    <\/div>\r\n<!-- ==================================================\r\nEnd Job's Location -->\r\n\r\n\r\n<!-- Start Job Posted Date\r\n================================================== -->\r\n<div class=\"col-md-3 col-sm-4 col-xs-12\">\r\n            <div class=\"job-date\"><i class=\"fa  fa-calendar-check\"><\/i>Posted 2 months ago<\/div>\r\n    <\/div>\r\n<!-- ==================================================\r\nEnd Job Posted Date -->\r\n\r\n                        \n                    <\/div> \n                <\/div>\n            <\/div>\n        <\/header>\n\n        \r\n    <!-- View more content start\r\n    ================================= -->\r\n    \r\n<!-- View long content start \r\n================================================== -->\r\n<div class=\"sjb_more_content\" id=\"sjb_more_content_2715\">\r\n    <h3 class=\"\" style=\"padding-left: 40px;\" data-start=\"204\" data-end=\"234\">Mitarbeiter Mechanische und elektrische Fertigung sowie mobile Instandsetzung (m\/w\/d)<\/h3>\r\n<p class=\"\" style=\"padding-left: 40px;\" data-start=\"235\" data-end=\"336\"><strong data-start=\"235\" data-end=\"336\">f\u00fcr ein innovatives mittelst\u00e4ndisches Unternehmen im Bereich Elektrotechnik &amp; Fahrzeugausstattung.<\/strong><\/p>\r\n<p class=\"\" style=\"padding-left: 40px;\" data-start=\"338\" data-end=\"458\">Sie m\u00f6chten als Mitarbeiter der Mechanischen und elektrischen Fertigung sowie mobile Instandsetzung unser Unternehmen ma\u00dfgeblich durch die pr\u00e4zise Herstellung, Instandsetzung und Montage von Baugruppen unterst\u00fctzen? Dann sind Sie bei uns genau richtig!<\/p>\r\n<p class=\"\" style=\"padding-left: 40px;\" data-start=\"460\" data-end=\"820\">The <strong data-start=\"464\" data-end=\"494\">Knapp Service Koblenz GmbH<\/strong> is an established, medium-sized company with around 50 employees and headquartered in Koblenz. For decades, we have stood for quality, reliability, and customized solutions in the field of electrical engineering \u2013 particularly in the installation and repair of wiring harnesses, assemblies, and installation kits in vehicles.<\/p>\r\n<p class=\"\" style=\"padding-left: 40px;\" data-start=\"822\" data-end=\"914\">To strengthen our team we are looking for <strong data-start=\"867\" data-end=\"896\">a reliable and dedicated accounting employee (m\/f\/d) to join as soon as possible.<\/strong> a committed\u00a0<strong>Mitarbeiter Mechanische und elektrische Fertigung sowie mobile Instandsetzung (m\/w\/d)<\/strong><\/p>\r\n\r\n\r\n<hr class=\"\" style=\"padding-left: 40px;\" data-start=\"945\" data-end=\"948\" \/>\r\n\r\n<h3 class=\"\" style=\"padding-left: 40px;\" data-start=\"950\" data-end=\"1013\"><strong data-start=\"954\" data-end=\"1013\">Your tasks \u2013 varied &amp; responsible:<\/strong><\/h3>\r\n<ul>\r\n \t<li style=\"list-style-type: none;\">\r\n<ul>\r\n \t<li style=\"list-style-type: none;\">\r\n<ul>\r\n \t<li style=\"list-style-type: none;\">\r\n<ul>\r\n \t<li>Selbst\u00e4ndige Bearbeitung von mechanischen und elektrischen Fertigungsauftr\u00e4gen anhand von Zeichnungen, Schaltpl\u00e4nen oder Satzzeichnungen<\/li>\r\n \t<li>Fertigung, Montage von Baugruppen und Kabeln (milit\u00e4risch\/ zivil) u.a. bei Bedarf auch vor Ort beim Kunden\r\n<ul style=\"list-style-type: circle;\">\r\n \t<li>Crimpen von Kabeln mit der Handzange oder per Automat<\/li>\r\n \t<li>L\u00f6ten von Kabeln sowie das Anbringen von St\u00fctzpunkten mittels Handl\u00f6ter<\/li>\r\n \t<li>Konfektionieren von Kabelbaumsystemen und verschiedenen Steckertypen<\/li>\r\n \t<li>Befundung und Instandsetzung von Baugruppen und Ger\u00e4ten (milit\u00e4risch\/ zivil)<\/li>\r\n \t<li>Fehleranalyse f\u00fcr die Befundung der defekten Baugruppen und Kabel<\/li>\r\n<\/ul>\r\n<\/li>\r\n<\/ul>\r\n<\/li>\r\n<\/ul>\r\n<\/li>\r\n<\/ul>\r\n<\/li>\r\n<\/ul>\r\n\r\n<hr class=\"\" style=\"padding-left: 40px;\" data-start=\"1662\" data-end=\"1665\" \/>\r\n\r\n<h3 class=\"\" style=\"padding-left: 40px;\" data-start=\"1667\" data-end=\"1715\"><strong data-start=\"1671\" data-end=\"1715\">Your profile \u2013 what you should bring with you:<\/strong><\/h3>\r\n<ul>\r\n \t<li style=\"list-style-type: none;\">\r\n<ul>\r\n \t<li style=\"list-style-type: none;\">\r\n<ul>\r\n \t<li style=\"list-style-type: none;\">\r\n<ul>\r\n \t<li>Idealerweise erfolgreich abgeschlossene Berufsausbildung im Bereich Kfz Mechatroniker, Elektrofachkraft oder vergleichbare Ausbildung mit entsprechenden Kenntnissen<\/li>\r\n \t<li>Erfahrungen im Bereich Bereich Baugruppenfertigung von Vorteil<\/li>\r\n \t<li>Strukturierte, l\u00f6sungs- und zielorientierte Arbeitsweise<\/li>\r\n \t<li>Sie verf\u00fcgen \u00fcber gutes Sehverm\u00f6gen, Fingerfertigkeit und feinmotorisches Geschick<\/li>\r\n \t<li>Teamf\u00e4higkeit, Motivation, Kommunikationsf\u00e4higkeit und Sozialkompetenz<\/li>\r\n \t<li>Gute Deutschkenntnisse in Wort und Schrift; weitere Sprachkenntnisse sind von Vorteil<\/li>\r\n \t<li>F\u00fchrerschein Klasse B<\/li>\r\n \t<li>Reisebereitschaft<\/li>\r\n<\/ul>\r\n<\/li>\r\n<\/ul>\r\n<\/li>\r\n<\/ul>\r\n<\/li>\r\n<\/ul>\r\n\r\n<hr class=\"\" style=\"padding-left: 40px;\" data-start=\"2298\" data-end=\"2301\" \/>\r\n\r\n<h3 class=\"\" style=\"padding-left: 40px;\" data-start=\"2303\" data-end=\"2349\">Here\u2019s what you can look forward to:<\/h3>\r\n<ul>\r\n \t<li style=\"list-style-type: none;\">\r\n<ul>\r\n \t<li style=\"list-style-type: none;\">\r\n<ul>\r\n \t<li style=\"list-style-type: none;\">\r\n<ul>\r\n \t<li>An exciting and varied job<\/li>\r\n \t<li>Permanent employment contract<\/li>\r\n \t<li>Innovative working environment with careful training<\/li>\r\n \t<li>Offene Team- und Kommunikationsstrukt<\/li>\r\n \t<li>13th monthly salary (vacation and Christmas bonus)<\/li>\r\n \t<li>Flexible Arbeitszeitregelung und freie Br\u00fcckentage<\/li>\r\n \t<li>Modern working environment with air-conditioned rooms and ergonomic workstations<\/li>\r\n \t<li>E-Ladestationen f\u00fcr Autos und E-Bikes<\/li>\r\n \t<li>Kostenloses Obst, Wasser sowie Kaffee und Tee zur St\u00e4rkung im Arbeitsalltag<\/li>\r\n \t<li>Ample parking on site<\/li>\r\n \t<li>Very good transport connections due to direct location on the motorway<\/li>\r\n<\/ul>\r\n<\/li>\r\n<\/ul>\r\n<\/li>\r\n<\/ul>\r\n<\/li>\r\n<\/ul>\r\n\r\n<hr class=\"\" style=\"padding-left: 40px;\" data-start=\"2778\" data-end=\"2781\" \/>\r\n\r\n<h3 class=\"\" style=\"padding-left: 40px;\" data-start=\"2783\" data-end=\"2826\"><strong data-start=\"2787\" data-end=\"2826\">Curious? Apply now!<\/strong><\/h3>\r\n<p class=\"\" style=\"padding-left: 40px;\" data-start=\"2828\" data-end=\"2956\">We look forward to receiving your detailed application including your CV, earliest possible starting date and salary expectations.<\/p>\r\n<p class=\"\" style=\"padding-left: 40px;\" data-start=\"2958\" data-end=\"3151\">Senden Sie Ihre Bewerbungsunterlagen bitte per E-Mail an:<\/p>\r\n<p class=\"\" style=\"padding-left: 40px;\" data-start=\"2958\" data-end=\"3151\"><strong data-start=\"3002\" data-end=\"3032\">Knapp Service Koblenz GmbH<\/strong><br data-start=\"3032\" data-end=\"3035\" \/>Human Resources Department<br data-start=\"3052\" data-end=\"3055\" \/>Attn: Ms. Annette Volk<br data-start=\"3079\" data-end=\"3082\" \/>Am Autobahnkreuz 9<br data-start=\"3100\" data-end=\"3103\" \/>56072 Koblenz<br data-start=\"3116\" data-end=\"3119\" \/>\ud83d\udce7 <strong data-start=\"3122\" data-end=\"3151\"><a rel=\"noopener\" data-start=\"3124\" data-end=\"3149\">karriere@knapp-service.de<\/a><\/strong><\/p>\r\n<p class=\"\" style=\"padding-left: 40px;\" data-start=\"3153\" data-end=\"3233\">Or use our convenient <strong data-start=\"3187\" data-end=\"3216\">online application form<\/strong>.<\/p>    \r\n<!-- Start Job Features\r\n================================================== -->\r\n<div class=\"job-features\">\r\n    \r\n    <table class=\"table\">\r\n        <tbody>\r\n            \r\n                        <\/tbody>\r\n    <\/table>\r\n<\/div>\r\n<!-- ==================================================\r\nEnd Job Features -->\r\n\r\n<div class=\"clearfix\"><\/div>\r\n<\/div>\r\n<!-- ==================================================\r\nView long content end  -->\r\n\r\n    <!-- View more content end\r\n    ================================= -->\r\n\r\n    <!-- Start Job Short Description \r\n    ================================================== -->\r\n    <div class=\"job-description\">\r\n        <div id=\"sjb_less_content_2715\"><p>Mitarbeiter Mechanische und elektrische Fertigung sowie mobile Instandsetzung (m\/w\/d) f\u00fcr ein innovatives mittelst\u00e4ndisches Unternehmen im Bereich Elektrotechnik &amp; Fahrzeugausstattung. Sie m\u00f6ch...<\/p><\/div><div class=\"sjb-apply-now-btn\"><p><p><a href=\"https:\/\/knapp-service.de\/en\/jobs\/mitarbeiter-mechanische-und-elektrische-fertigung-sowie-mobile-instandsetzung-m-w-d\/\" class=\"btn btn-primary\">Mehr...<\/a><\/p><div class=\"sjb-view-less-btn\" id=\"sjb_view_less_btn_2715\"><a data-id=\"2715\" class=\"sjb_view_less_btn sjb_view_more_btn\">View less<\/a><\/div><\/p><\/div>    <\/div>\r\n    <!-- ==================================================\r\n    End Job Short Description  -->\r\n\r\n        <\/div>\n<\/div>\n<!-- ==================================================\nEnd Jobs List View -->\n\n<div class=\"clearfix\"><\/div>\n\n\r\n    <\/div> <!-- end Jobs Listing: List View -->\r\n<\/div>\r\n<!-- End: Jobs Listing -->\r\n\r\n<div class=\"clearfix\"><\/div>\r\n<\/div>\r\n<!-- End: Jobs Listing Wrapper -->","protected":false},"excerpt":{"rendered":"<p>Werde Teil unseres Teams \u2013 Technik, die wirkt. Ein Job, der z\u00e4hlt. &nbsp; &nbsp; Unsere aktuellen Stellenangebote:<\/p>","protected":false},"author":1,"featured_media":0,"parent":0,"menu_order":0,"comment_status":"closed","ping_status":"closed","template":"","meta":{"footnotes":""},"class_list":["post-1994","page","type-page","status-publish","hentry"],"aioseo_notices":[],"jetpack_sharing_enabled":true,"_links":{"self":[{"href":"https:\/\/knapp-service.de\/en\/wp-json\/wp\/v2\/pages\/1994","targetHints":{"allow":["GET"]}}],"collection":[{"href":"https:\/\/knapp-service.de\/en\/wp-json\/wp\/v2\/pages"}],"about":[{"href":"https:\/\/knapp-service.de\/en\/wp-json\/wp\/v2\/types\/page"}],"author":[{"embeddable":true,"href":"https:\/\/knapp-service.de\/en\/wp-json\/wp\/v2\/users\/1"}],"replies":[{"embeddable":true,"href":"https:\/\/knapp-service.de\/en\/wp-json\/wp\/v2\/comments?post=1994"}],"version-history":[{"count":1,"href":"https:\/\/knapp-service.de\/en\/wp-json\/wp\/v2\/pages\/1994\/revisions"}],"predecessor-version":[{"id":2696,"href":"https:\/\/knapp-service.de\/en\/wp-json\/wp\/v2\/pages\/1994\/revisions\/2696"}],"wp:attachment":[{"href":"https:\/\/knapp-service.de\/en\/wp-json\/wp\/v2\/media?parent=1994"}],"curies":[{"name":"wp","href":"https:\/\/api.w.org\/{rel}","templated":true}]}}