{"id":1760,"date":"2025-04-13T22:00:50","date_gmt":"2025-04-13T20:00:50","guid":{"rendered":"https:\/\/neu.knapp-service.de\/?page_id=1760"},"modified":"2025-04-20T22:07:44","modified_gmt":"2025-04-20T20:07:44","slug":"firmensitz","status":"publish","type":"page","link":"https:\/\/knapp-service.de\/en\/about\/firmensitz\/","title":{"rendered":"headquarters"},"content":{"rendered":"<p class=\"\" data-start=\"155\" data-end=\"377\">Seit 2021 befindet sich unser Firmensitz in 56072 Koblenz, Am Autobahnkreuz 9 \u2013 verkehrsg\u00fcnstig gelegen direkt an den Autobahnen A48 und A61.<br data-start=\"300\" data-end=\"303\" \/>Die Anfahrt erfolgt bequem \u00fcber die A61, Ausfahrt 38 \u2013 Koblenz-Metternich. &ensp;<i class=\"fa fa-map-marker\" aria-hidden=\"true\"><\/i>&ensp;<a href=\"https:\/\/knapp-service.de\/en\/map\/\">view the map<\/a>\n<\/div>\n<\/p>\n<p class=\"\" data-start=\"379\" data-end=\"718\">Unser Betriebsgel\u00e4nde ist umfassend gesichert und verf\u00fcgt \u00fcber moderne Zugangskontrollsysteme sowie eine l\u00fcckenlose Video\u00fcberwachung.<br data-start=\"512\" data-end=\"515\" \/>Auf einer 3.000 m\u00b2 gro\u00dfen Hallenfl\u00e4che mit hochbelastbarem Betonboden \u2013 ausgelegt f\u00fcr das Rangieren schwerer Kettenfahrzeuge \u2013 entwickeln und fertigen wir hochwertige Spezialkabel und Baugruppen.<\/p>\n<p class=\"\" data-start=\"720\" data-end=\"919\">Diese werden sowohl f\u00fcr milit\u00e4rische als auch zivile Auftraggeber hergestellt und durch unsere qualifizierten und engagierten Mitarbeiter fachgerecht in verschiedenste Fahrzeugtypen integriert.<\/p>\n<p class=\"\" data-start=\"921\" data-end=\"1119\">Unsere Infrastruktur, kombiniert mit langj\u00e4hrigem Know-how und einem motivierten Team, bildet die Grundlage f\u00fcr h\u00f6chste Qualit\u00e4t und pr\u00e4zise Umsetzung \u2013 auch bei komplexen technischen Anforderungen.<\/p>\n<p>&nbsp;<\/p>","protected":false},"excerpt":{"rendered":"<p>Seit 2021 befindet sich unser Firmensitz in 56072 Koblenz, Am Autobahnkreuz 9 \u2013 verkehrsg\u00fcnstig gelegen direkt an den Autobahnen A48 und A61.Die Anfahrt erfolgt bequem \u00fcber die A61, Ausfahrt 38 \u2013 Koblenz-Metternich. &ensp;&ensp;zur Karte Unser Betriebsgel\u00e4nde ist umfassend gesichert und verf\u00fcgt \u00fcber moderne Zugangskontrollsysteme sowie eine l\u00fcckenlose Video\u00fcberwachung.Auf einer 3.000 m\u00b2 gro\u00dfen Hallenfl\u00e4che mit hochbelastbarem Betonboden \u2013 ausgelegt f\u00fcr das&hellip;<\/p>","protected":false},"author":1,"featured_media":0,"parent":1604,"menu_order":3,"comment_status":"closed","ping_status":"closed","template":"elementor_theme","meta":{"footnotes":""},"class_list":["post-1760","page","type-page","status-publish","hentry"],"aioseo_notices":[],"jetpack_sharing_enabled":true,"_links":{"self":[{"href":"https:\/\/knapp-service.de\/en\/wp-json\/wp\/v2\/pages\/1760","targetHints":{"allow":["GET"]}}],"collection":[{"href":"https:\/\/knapp-service.de\/en\/wp-json\/wp\/v2\/pages"}],"about":[{"href":"https:\/\/knapp-service.de\/en\/wp-json\/wp\/v2\/types\/page"}],"author":[{"embeddable":true,"href":"https:\/\/knapp-service.de\/en\/wp-json\/wp\/v2\/users\/1"}],"replies":[{"embeddable":true,"href":"https:\/\/knapp-service.de\/en\/wp-json\/wp\/v2\/comments?post=1760"}],"version-history":[{"count":0,"href":"https:\/\/knapp-service.de\/en\/wp-json\/wp\/v2\/pages\/1760\/revisions"}],"up":[{"embeddable":true,"href":"https:\/\/knapp-service.de\/en\/wp-json\/wp\/v2\/pages\/1604"}],"wp:attachment":[{"href":"https:\/\/knapp-service.de\/en\/wp-json\/wp\/v2\/media?parent=1760"}],"curies":[{"name":"wp","href":"https:\/\/api.w.org\/{rel}","templated":true}]}}