{"id":1754,"date":"2025-04-14T22:20:18","date_gmt":"2025-04-14T20:20:18","guid":{"rendered":"https:\/\/neu.knapp-service.de\/?page_id=1754"},"modified":"2025-04-21T12:40:34","modified_gmt":"2025-04-21T10:40:34","slug":"about_1","status":"publish","type":"page","link":"https:\/\/knapp-service.de\/en\/about\/about_1\/","title":{"rendered":"Company profile"},"content":{"rendered":"<div class=\"ce_text_extented block align-left color-default font_no_serif font-size-default font-style-dropcap lh-default font-weight-default mt-default mb-default mt-default-s mt-default-s\">\n<div class=\"ce_textarea attribute textarea\">\n<p class=\"\" data-start=\"214\" data-end=\"554\">Die Knapp Service Koblenz GmbH mit Sitz in Koblenz blickt auf eine lange technische Tradition zur\u00fcck. Bereits seit Oktober 1999 war das Unternehmen \u2013 damals unter dem Namen <strong data-start=\"387\" data-end=\"412\">Kissling Service GmbH<\/strong> \u2013 Teil der Kissling Gruppe mit Hauptsitz in Wildberg. Es entstand durch die \u00dcbernahme des Gesch\u00e4ftsbereichs Wehrtechnik der PSK Scherer GmbH.<\/p>\n<p class=\"\" data-start=\"556\" data-end=\"704\">Zum 01. Juni 2019 wurde die Kissling Service GmbH eigenst\u00e4ndig und firmierte im Januar 2020 unter dem heutigen Namen <strong data-start=\"673\" data-end=\"703\">Knapp Service Koblenz GmbH<\/strong>.<\/p>\n<\/div>\n<\/div>\n<div class=\"ce_text block\">\n<figure class=\"image_container float_right\"><img data-recalc-dims=\"1\" fetchpriority=\"high\" decoding=\"async\" src=\"https:\/\/i0.wp.com\/www.knapp-service.de\/files\/cto_layout\/img\/content\/DJI_0043xy.JPG?resize=640%2C430&#038;ssl=1\" alt=\"\" width=\"640\" height=\"430\" \/><\/figure>\n<p>&nbsp;<\/p>\n<p class=\"\" data-start=\"706\" data-end=\"954\">Von Beginn an konnte das Unternehmen auf \u00fcber 40 Jahre Erfahrung in der <strong data-start=\"778\" data-end=\"871\">Einr\u00fcstung und Instandsetzung milit\u00e4rischer Fahrzeuge, Kabinen und technischer Baugruppen<\/strong> zur\u00fcckgreifen \u2013 eine Kompetenz, die seither kontinuierlich weiterentwickelt wurde.<\/p>\n<p data-start=\"706\" data-end=\"954\">\n<p class=\"\" data-start=\"956\" data-end=\"998\">Heute ist Knapp Service spezialisiert auf:<\/p>\n<ul data-start=\"999\" data-end=\"1177\">\n<li class=\"\" data-start=\"999\" data-end=\"1068\">\n<p class=\"\" data-start=\"1001\" data-end=\"1068\">the <strong data-start=\"1005\" data-end=\"1034\">Entwicklung und Fertigung<\/strong> von Einbaus\u00e4tzen und Kabelb\u00e4umen,<\/p>\n<\/li>\n<li class=\"\" data-start=\"1069\" data-end=\"1177\">\n<p class=\"\" data-start=\"1071\" data-end=\"1177\">sowie die <strong data-start=\"1081\" data-end=\"1105\">Serieninstandsetzung<\/strong> elektrischer, hydraulischer, mechanischer und pneumatischer Baugruppen.<\/p>\n<\/li>\n<\/ul>\n<p class=\"\" data-start=\"1179\" data-end=\"1408\">Mit einem hohen Qualit\u00e4tsanspruch, tiefem technischem Know-how und einem engagierten Team bietet Knapp Service verl\u00e4ssliche L\u00f6sungen f\u00fcr anspruchsvolle technische Herausforderungen \u2013 insbesondere im sicherheitsrelevanten Bereich.<\/p>\n<\/div>","protected":false},"excerpt":{"rendered":"<p>Die Knapp Service Koblenz GmbH mit Sitz in Koblenz blickt auf eine lange technische Tradition zur\u00fcck. Bereits seit Oktober 1999 war das Unternehmen \u2013 damals unter dem Namen Kissling Service GmbH \u2013 Teil der Kissling Gruppe mit Hauptsitz in Wildberg. Es entstand durch die \u00dcbernahme des Gesch\u00e4ftsbereichs Wehrtechnik der PSK Scherer GmbH. Zum 01. Juni 2019 wurde die Kissling Service&hellip;<\/p>","protected":false},"author":1,"featured_media":0,"parent":1604,"menu_order":1,"comment_status":"closed","ping_status":"closed","template":"elementor_theme","meta":{"footnotes":""},"class_list":["post-1754","page","type-page","status-publish","hentry"],"aioseo_notices":[],"jetpack_sharing_enabled":true,"_links":{"self":[{"href":"https:\/\/knapp-service.de\/en\/wp-json\/wp\/v2\/pages\/1754","targetHints":{"allow":["GET"]}}],"collection":[{"href":"https:\/\/knapp-service.de\/en\/wp-json\/wp\/v2\/pages"}],"about":[{"href":"https:\/\/knapp-service.de\/en\/wp-json\/wp\/v2\/types\/page"}],"author":[{"embeddable":true,"href":"https:\/\/knapp-service.de\/en\/wp-json\/wp\/v2\/users\/1"}],"replies":[{"embeddable":true,"href":"https:\/\/knapp-service.de\/en\/wp-json\/wp\/v2\/comments?post=1754"}],"version-history":[{"count":0,"href":"https:\/\/knapp-service.de\/en\/wp-json\/wp\/v2\/pages\/1754\/revisions"}],"up":[{"embeddable":true,"href":"https:\/\/knapp-service.de\/en\/wp-json\/wp\/v2\/pages\/1604"}],"wp:attachment":[{"href":"https:\/\/knapp-service.de\/en\/wp-json\/wp\/v2\/media?parent=1754"}],"curies":[{"name":"wp","href":"https:\/\/api.w.org\/{rel}","templated":true}]}}