{"id":1586,"date":"2025-04-14T22:40:44","date_gmt":"2025-04-14T20:40:44","guid":{"rendered":"http:\/\/demo.acmethemes.com\/corporate-plus-pro\/?page_id=147"},"modified":"2025-04-17T13:42:10","modified_gmt":"2025-04-17T11:42:10","slug":"awesome-products","status":"publish","type":"page","link":"https:\/\/knapp-service.de\/en\/services\/awesome-products\/","title":{"rendered":"Cable production"},"content":{"rendered":"<p>Our specialty cables are used wherever maximum resilience, durability, and precision are required. Whether for military, industrial, or aerospace applications \u2013 we supply cable systems that withstand extreme conditions.<\/p>\n<p>&nbsp;<\/p>\n<p><img data-recalc-dims=\"1\" fetchpriority=\"high\" decoding=\"async\" class=\"size-large wp-image-52 aligncenter\" src=\"https:\/\/i0.wp.com\/knapp-service.de\/wp-content\/uploads\/2025\/04\/the-high-pressure-connection-lines-2544898_1920.jpg?resize=640%2C427&#038;ssl=1\" alt=\"\" width=\"640\" height=\"427\" srcset=\"https:\/\/i0.wp.com\/knapp-service.de\/wp-content\/uploads\/2025\/04\/the-high-pressure-connection-lines-2544898_1920.jpg?resize=1024%2C683&amp;ssl=1 1024w, https:\/\/i0.wp.com\/knapp-service.de\/wp-content\/uploads\/2025\/04\/the-high-pressure-connection-lines-2544898_1920.jpg?resize=600%2C400&amp;ssl=1 600w, https:\/\/i0.wp.com\/knapp-service.de\/wp-content\/uploads\/2025\/04\/the-high-pressure-connection-lines-2544898_1920.jpg?resize=300%2C200&amp;ssl=1 300w, https:\/\/i0.wp.com\/knapp-service.de\/wp-content\/uploads\/2025\/04\/the-high-pressure-connection-lines-2544898_1920.jpg?resize=768%2C512&amp;ssl=1 768w, https:\/\/i0.wp.com\/knapp-service.de\/wp-content\/uploads\/2025\/04\/the-high-pressure-connection-lines-2544898_1920.jpg?resize=1536%2C1024&amp;ssl=1 1536w, https:\/\/i0.wp.com\/knapp-service.de\/wp-content\/uploads\/2025\/04\/the-high-pressure-connection-lines-2544898_1920.jpg?w=1920&amp;ssl=1 1920w, https:\/\/i0.wp.com\/knapp-service.de\/wp-content\/uploads\/2025\/04\/the-high-pressure-connection-lines-2544898_1920.jpg?w=1280&amp;ssl=1 1280w\" sizes=\"(max-width: 640px) 100vw, 640px\" \/><\/p>\n<p>&nbsp;<\/p>\n<p>&nbsp;<\/p>\n<p>\ud83d\udd39 <strong>Our services:<\/strong><\/p>\n<p>\u2714\ufe0f <strong>Cable development &amp; custom-made products<\/strong> \u2013 Tailor-made for your application<br \/>\n\u2714\ufe0f <strong>Production according to military standards<\/strong> \u2013 Highest quality and reliability<br \/>\n\u2714\ufe0f <strong>Temperature, oil and chemical resistant<\/strong> \u2013 Ideal for extreme environments<br \/>\n\u2714\ufe0f <strong>EMC shielding &amp; signal stability<\/strong> \u2013 Protection against interference &amp; eavesdropping<\/p>\n<p>&nbsp;<\/p>\n<p>&nbsp;<\/p>\n<p><img data-recalc-dims=\"1\" decoding=\"async\" class=\"size-large wp-image-57 aligncenter\" src=\"https:\/\/i0.wp.com\/knapp-service.de\/wp-content\/uploads\/2025\/04\/8de8588b-29e0-420f-9122-bffd9732f0da.png?resize=640%2C427&#038;ssl=1\" alt=\"\" width=\"640\" height=\"427\" srcset=\"https:\/\/i0.wp.com\/knapp-service.de\/wp-content\/uploads\/2025\/04\/8de8588b-29e0-420f-9122-bffd9732f0da.png?resize=1024%2C683&amp;ssl=1 1024w, https:\/\/i0.wp.com\/knapp-service.de\/wp-content\/uploads\/2025\/04\/8de8588b-29e0-420f-9122-bffd9732f0da.png?resize=600%2C400&amp;ssl=1 600w, https:\/\/i0.wp.com\/knapp-service.de\/wp-content\/uploads\/2025\/04\/8de8588b-29e0-420f-9122-bffd9732f0da.png?resize=300%2C200&amp;ssl=1 300w, https:\/\/i0.wp.com\/knapp-service.de\/wp-content\/uploads\/2025\/04\/8de8588b-29e0-420f-9122-bffd9732f0da.png?resize=768%2C512&amp;ssl=1 768w, https:\/\/i0.wp.com\/knapp-service.de\/wp-content\/uploads\/2025\/04\/8de8588b-29e0-420f-9122-bffd9732f0da.png?w=1536&amp;ssl=1 1536w, https:\/\/i0.wp.com\/knapp-service.de\/wp-content\/uploads\/2025\/04\/8de8588b-29e0-420f-9122-bffd9732f0da.png?w=1280&amp;ssl=1 1280w\" sizes=\"(max-width: 640px) 100vw, 640px\" \/><\/p>\n<p>&nbsp;<\/p>\n<p>&nbsp;<\/p>\n<h4>QUALITY ASSURANCE &amp; TESTING<\/h4>\n<p>(Certified according to ISO 9001 and VG 96927-2, Part D)<\/p>\n<div class=\"ce_textarea attribute textarea\">\n<p><strong>Our testing facilities offer the following options for quality and functional control:<\/strong><\/p>\n<ul>\n<li>Tests according to DIN 29576 Part 2<\/li>\n<li>Continuity test<\/li>\n<li>Dielectric strength<\/li>\n<li>Polarization<\/li>\n<li>short circuit<\/li>\n<li>Isolationswiderstand<\/li>\n<li>Length measurement and control<\/li>\n<li>Weight determination<\/li>\n<li>Labeling of cables according to specifications (e.g. barcode)<\/li>\n<li>Self-test<\/li>\n<li>up to 1728 test points<\/li>\n<li>100% control<\/li>\n<li>Test protocol<\/li>\n<\/ul>\n<\/div>\n<p>&nbsp;<\/p>\n<p>&nbsp;<\/p>\n<p><img data-recalc-dims=\"1\" decoding=\"async\" class=\"size-large wp-image-34 aligncenter\" src=\"https:\/\/i0.wp.com\/knapp-service.de\/wp-content\/uploads\/2025\/04\/NFS-Anschlusskabel-Versorgung-01.jpg?resize=640%2C480&#038;ssl=1\" alt=\"\" width=\"640\" height=\"480\" srcset=\"https:\/\/i0.wp.com\/knapp-service.de\/wp-content\/uploads\/2025\/04\/NFS-Anschlusskabel-Versorgung-01-scaled.jpg?resize=1024%2C768&amp;ssl=1 1024w, https:\/\/i0.wp.com\/knapp-service.de\/wp-content\/uploads\/2025\/04\/NFS-Anschlusskabel-Versorgung-01-scaled.jpg?resize=600%2C450&amp;ssl=1 600w, https:\/\/i0.wp.com\/knapp-service.de\/wp-content\/uploads\/2025\/04\/NFS-Anschlusskabel-Versorgung-01-scaled.jpg?resize=300%2C225&amp;ssl=1 300w, https:\/\/i0.wp.com\/knapp-service.de\/wp-content\/uploads\/2025\/04\/NFS-Anschlusskabel-Versorgung-01-scaled.jpg?resize=768%2C576&amp;ssl=1 768w, https:\/\/i0.wp.com\/knapp-service.de\/wp-content\/uploads\/2025\/04\/NFS-Anschlusskabel-Versorgung-01-scaled.jpg?resize=1536%2C1152&amp;ssl=1 1536w, https:\/\/i0.wp.com\/knapp-service.de\/wp-content\/uploads\/2025\/04\/NFS-Anschlusskabel-Versorgung-01-scaled.jpg?resize=2048%2C1536&amp;ssl=1 2048w, https:\/\/i0.wp.com\/knapp-service.de\/wp-content\/uploads\/2025\/04\/NFS-Anschlusskabel-Versorgung-01-scaled.jpg?w=1280&amp;ssl=1 1280w, https:\/\/i0.wp.com\/knapp-service.de\/wp-content\/uploads\/2025\/04\/NFS-Anschlusskabel-Versorgung-01-scaled.jpg?w=1920&amp;ssl=1 1920w\" sizes=\"(max-width: 640px) 100vw, 640px\" \/><\/p>\n<p>&nbsp;<\/p>\n<div class=\"ce_textarea attribute textarea\">\n<p>&nbsp;<\/p>\n<\/div>","protected":false},"excerpt":{"rendered":"<p>Unsere Spezialkabel kommen \u00fcberall dort zum Einsatz, wo h\u00f6chste Belastbarkeit, Widerstandsf\u00e4higkeit und Pr\u00e4zision gefordert sind. Ob f\u00fcr milit\u00e4rische, industrielle oder luftfahrttechnische Anwendungen \u2013 wir liefern Kabelsysteme, die extremen Bedingungen standhalten. &nbsp; &nbsp; &nbsp; \ud83d\udd39 Unsere Leistungen: \u2714\ufe0f Kabelentwicklung &amp; Sonderanfertigungen \u2013 Ma\u00dfgeschneidert f\u00fcr Ihren Einsatzzweck \u2714\ufe0f Produktion nach milit\u00e4rischen Standards \u2013 H\u00f6chste Qualit\u00e4t &amp; Zuverl\u00e4ssigkeit \u2714\ufe0f Temperatur-, \u00d6l- &amp; Chemikalienbest\u00e4ndig&hellip;<\/p>","protected":false},"author":1,"featured_media":0,"parent":1588,"menu_order":1,"comment_status":"closed","ping_status":"closed","template":"","meta":{"footnotes":""},"class_list":["post-1586","page","type-page","status-publish","hentry"],"aioseo_notices":[],"jetpack_sharing_enabled":true,"_links":{"self":[{"href":"https:\/\/knapp-service.de\/en\/wp-json\/wp\/v2\/pages\/1586","targetHints":{"allow":["GET"]}}],"collection":[{"href":"https:\/\/knapp-service.de\/en\/wp-json\/wp\/v2\/pages"}],"about":[{"href":"https:\/\/knapp-service.de\/en\/wp-json\/wp\/v2\/types\/page"}],"author":[{"embeddable":true,"href":"https:\/\/knapp-service.de\/en\/wp-json\/wp\/v2\/users\/1"}],"replies":[{"embeddable":true,"href":"https:\/\/knapp-service.de\/en\/wp-json\/wp\/v2\/comments?post=1586"}],"version-history":[{"count":0,"href":"https:\/\/knapp-service.de\/en\/wp-json\/wp\/v2\/pages\/1586\/revisions"}],"up":[{"embeddable":true,"href":"https:\/\/knapp-service.de\/en\/wp-json\/wp\/v2\/pages\/1588"}],"wp:attachment":[{"href":"https:\/\/knapp-service.de\/en\/wp-json\/wp\/v2\/media?parent=1586"}],"curies":[{"name":"wp","href":"https:\/\/api.w.org\/{rel}","templated":true}]}}