{"id":1576,"date":"2025-04-14T22:00:07","date_gmt":"2025-04-14T20:00:07","guid":{"rendered":"http:\/\/demo.acmethemes.com\/corporate-plus-pro\/?page_id=157"},"modified":"2025-04-17T13:34:37","modified_gmt":"2025-04-17T11:34:37","slug":"plugins-works","status":"publish","type":"page","link":"https:\/\/knapp-service.de\/en\/services\/plugins-works\/","title":{"rendered":"Repair"},"content":{"rendered":"<p>Failures of cables or vehicle components often result in high costs and often long downtimes. Our repairs extend the lifespan of your technology and ensure full functionality.<\/p>\n<p>&nbsp;<\/p>\n<p>&nbsp;<\/p>\n<p>&nbsp;<\/p>\n<p><img data-recalc-dims=\"1\" fetchpriority=\"high\" decoding=\"async\" class=\"size-large wp-image-47 aligncenter\" src=\"https:\/\/i0.wp.com\/knapp-service.de\/wp-content\/uploads\/2025\/04\/P1030960.jpg?resize=640%2C480&#038;ssl=1\" alt=\"\" width=\"640\" height=\"480\" srcset=\"https:\/\/i0.wp.com\/knapp-service.de\/wp-content\/uploads\/2025\/04\/P1030960-scaled.jpg?resize=1024%2C768&amp;ssl=1 1024w, https:\/\/i0.wp.com\/knapp-service.de\/wp-content\/uploads\/2025\/04\/P1030960-scaled.jpg?resize=600%2C450&amp;ssl=1 600w, https:\/\/i0.wp.com\/knapp-service.de\/wp-content\/uploads\/2025\/04\/P1030960-scaled.jpg?resize=300%2C225&amp;ssl=1 300w, https:\/\/i0.wp.com\/knapp-service.de\/wp-content\/uploads\/2025\/04\/P1030960-scaled.jpg?resize=768%2C576&amp;ssl=1 768w, https:\/\/i0.wp.com\/knapp-service.de\/wp-content\/uploads\/2025\/04\/P1030960-scaled.jpg?resize=1536%2C1152&amp;ssl=1 1536w, https:\/\/i0.wp.com\/knapp-service.de\/wp-content\/uploads\/2025\/04\/P1030960-scaled.jpg?resize=2048%2C1536&amp;ssl=1 2048w, https:\/\/i0.wp.com\/knapp-service.de\/wp-content\/uploads\/2025\/04\/P1030960-scaled.jpg?w=1280&amp;ssl=1 1280w, https:\/\/i0.wp.com\/knapp-service.de\/wp-content\/uploads\/2025\/04\/P1030960-scaled.jpg?w=1920&amp;ssl=1 1920w\" sizes=\"(max-width: 640px) 100vw, 640px\" \/><\/p>\n<p>&nbsp;<\/p>\n<p>&nbsp;<\/p>\n<p>&nbsp;<\/p>\n<p>\ud83d\udd39 <strong>Our services:<\/strong><\/p>\n<p>\u2714\ufe0f <strong>Repair and testing of special cables<\/strong> \u2013 Extended service life &amp; cost savings<br \/>\n\u2714\ufe0f <strong>Repair of control units &amp; electronics<\/strong> \u2013 Fast &amp; reliable<br \/>\n\u2714\ufe0f <strong>High-quality spare parts &amp; testing procedures<\/strong> \u2013 OEM-level quality<br \/>\n\u2714\ufe0f <strong>Fast processing to minimize downtime<\/strong><\/p>\n<p>&nbsp;<\/p>\n<p>&nbsp;<\/p>\n<p><img data-recalc-dims=\"1\" decoding=\"async\" class=\"size-large wp-image-46 aligncenter\" src=\"https:\/\/i0.wp.com\/knapp-service.de\/wp-content\/uploads\/2025\/04\/P1030958.jpg?resize=640%2C480&#038;ssl=1\" alt=\"\" width=\"640\" height=\"480\" srcset=\"https:\/\/i0.wp.com\/knapp-service.de\/wp-content\/uploads\/2025\/04\/P1030958-scaled.jpg?resize=1024%2C768&amp;ssl=1 1024w, https:\/\/i0.wp.com\/knapp-service.de\/wp-content\/uploads\/2025\/04\/P1030958-scaled.jpg?resize=600%2C450&amp;ssl=1 600w, https:\/\/i0.wp.com\/knapp-service.de\/wp-content\/uploads\/2025\/04\/P1030958-scaled.jpg?resize=300%2C225&amp;ssl=1 300w, https:\/\/i0.wp.com\/knapp-service.de\/wp-content\/uploads\/2025\/04\/P1030958-scaled.jpg?resize=768%2C576&amp;ssl=1 768w, https:\/\/i0.wp.com\/knapp-service.de\/wp-content\/uploads\/2025\/04\/P1030958-scaled.jpg?resize=1536%2C1152&amp;ssl=1 1536w, https:\/\/i0.wp.com\/knapp-service.de\/wp-content\/uploads\/2025\/04\/P1030958-scaled.jpg?resize=2048%2C1536&amp;ssl=1 2048w, https:\/\/i0.wp.com\/knapp-service.de\/wp-content\/uploads\/2025\/04\/P1030958-scaled.jpg?w=1280&amp;ssl=1 1280w, https:\/\/i0.wp.com\/knapp-service.de\/wp-content\/uploads\/2025\/04\/P1030958-scaled.jpg?w=1920&amp;ssl=1 1920w\" sizes=\"(max-width: 640px) 100vw, 640px\" \/><\/p>\n<p>&nbsp;<\/p>\n<p>&nbsp;<\/p>\n<p><strong>With us you can expect more than just maintenance and repair.<\/strong><\/p>\n<ul>\n<li>Complete assessment\/documentation of the condition of the installation kits upon delivery of the vehicle or on site.<\/li>\n<li>Preparation of a detailed offer for repair and restoration of the \u201coriginal condition\u201d<\/li>\n<li>Extensive inspections and functional tests after repair.<\/li>\n<li>Delivery of the operational vehicle<\/li>\n<\/ul>\n<p>&nbsp;<\/p>\n<p>&nbsp;<\/p>\n<p><img data-recalc-dims=\"1\" decoding=\"async\" class=\"size-large wp-image-49 aligncenter\" src=\"https:\/\/i0.wp.com\/knapp-service.de\/wp-content\/uploads\/2025\/04\/P1070747.jpg?resize=640%2C480&#038;ssl=1\" alt=\"\" width=\"640\" height=\"480\" srcset=\"https:\/\/i0.wp.com\/knapp-service.de\/wp-content\/uploads\/2025\/04\/P1070747-scaled.jpg?resize=1024%2C768&amp;ssl=1 1024w, https:\/\/i0.wp.com\/knapp-service.de\/wp-content\/uploads\/2025\/04\/P1070747-scaled.jpg?resize=600%2C450&amp;ssl=1 600w, https:\/\/i0.wp.com\/knapp-service.de\/wp-content\/uploads\/2025\/04\/P1070747-scaled.jpg?resize=300%2C225&amp;ssl=1 300w, https:\/\/i0.wp.com\/knapp-service.de\/wp-content\/uploads\/2025\/04\/P1070747-scaled.jpg?resize=768%2C576&amp;ssl=1 768w, https:\/\/i0.wp.com\/knapp-service.de\/wp-content\/uploads\/2025\/04\/P1070747-scaled.jpg?resize=1536%2C1152&amp;ssl=1 1536w, https:\/\/i0.wp.com\/knapp-service.de\/wp-content\/uploads\/2025\/04\/P1070747-scaled.jpg?resize=2048%2C1536&amp;ssl=1 2048w, https:\/\/i0.wp.com\/knapp-service.de\/wp-content\/uploads\/2025\/04\/P1070747-scaled.jpg?w=1280&amp;ssl=1 1280w, https:\/\/i0.wp.com\/knapp-service.de\/wp-content\/uploads\/2025\/04\/P1070747-scaled.jpg?w=1920&amp;ssl=1 1920w\" sizes=\"(max-width: 640px) 100vw, 640px\" \/><\/p>\n<p>&nbsp;<\/p>","protected":false},"excerpt":{"rendered":"<p>Ausf\u00e4lle von Kabeln oder Fahrzeugkomponenten f\u00fchren nicht selten zu hohen Kosten und oft langen Standzeiten. Unsere Instandsetzung verl\u00e4ngert die Lebensdauer Ihrer Technik und stellt die volle Funktionsf\u00e4higkeit sicher. &nbsp; &nbsp; &nbsp; &nbsp; &nbsp; &nbsp; \ud83d\udd39 Unsere Leistungen: \u2714\ufe0f Reparatur &amp; Pr\u00fcfung von Spezialkabeln \u2013 Verl\u00e4ngerte Lebensdauer &amp; Kosteneinsparung \u2714\ufe0f Instandsetzung von Steuerger\u00e4ten &amp; Elektronik \u2013 Schnell &amp; zuverl\u00e4ssig \u2714\ufe0f Hochwertige&hellip;<\/p>","protected":false},"author":1,"featured_media":0,"parent":1588,"menu_order":3,"comment_status":"closed","ping_status":"closed","template":"","meta":{"footnotes":""},"class_list":["post-1576","page","type-page","status-publish","hentry"],"aioseo_notices":[],"jetpack_sharing_enabled":true,"_links":{"self":[{"href":"https:\/\/knapp-service.de\/en\/wp-json\/wp\/v2\/pages\/1576","targetHints":{"allow":["GET"]}}],"collection":[{"href":"https:\/\/knapp-service.de\/en\/wp-json\/wp\/v2\/pages"}],"about":[{"href":"https:\/\/knapp-service.de\/en\/wp-json\/wp\/v2\/types\/page"}],"author":[{"embeddable":true,"href":"https:\/\/knapp-service.de\/en\/wp-json\/wp\/v2\/users\/1"}],"replies":[{"embeddable":true,"href":"https:\/\/knapp-service.de\/en\/wp-json\/wp\/v2\/comments?post=1576"}],"version-history":[{"count":0,"href":"https:\/\/knapp-service.de\/en\/wp-json\/wp\/v2\/pages\/1576\/revisions"}],"up":[{"embeddable":true,"href":"https:\/\/knapp-service.de\/en\/wp-json\/wp\/v2\/pages\/1588"}],"wp:attachment":[{"href":"https:\/\/knapp-service.de\/en\/wp-json\/wp\/v2\/media?parent=1576"}],"curies":[{"name":"wp","href":"https:\/\/api.w.org\/{rel}","templated":true}]}}