{"id":1560,"date":"2016-03-16T10:11:00","date_gmt":"2016-03-16T10:11:00","guid":{"rendered":"http:\/\/demo.acmethemes.com\/corporate-plus-pro\/?page_id=177"},"modified":"2025-04-16T16:32:43","modified_gmt":"2025-04-16T14:32:43","slug":"greenliner","status":"publish","type":"page","link":"https:\/\/knapp-service.de\/en\/portfolio\/greenliner\/","title":{"rendered":"Greenliner"},"content":{"rendered":"<div class=\"entry-content\">\n<p>Merkmale:<\/p>\n<ul>\n<li>Serieneinr\u00fcstung von \u00fcber 3.000 Fahrzeugen<\/li>\n<li>Anwendungsspezifische Ausstattungsvarianten<\/li>\n<li>Modulare Einr\u00fcsts\u00e4tze<\/li>\n<\/ul>\n<\/div>","protected":false},"excerpt":{"rendered":"<p>Merkmale: Serieneinr\u00fcstung von \u00fcber 3.000 Fahrzeugen Anwendungsspezifische Ausstattungsvarianten Modulare Einr\u00fcsts\u00e4tze<\/p>","protected":false},"author":1,"featured_media":63,"parent":1564,"menu_order":0,"comment_status":"closed","ping_status":"closed","template":"","meta":{"footnotes":""},"class_list":["post-1560","page","type-page","status-publish","has-post-thumbnail","hentry"],"aioseo_notices":[],"jetpack_sharing_enabled":true,"_links":{"self":[{"href":"https:\/\/knapp-service.de\/en\/wp-json\/wp\/v2\/pages\/1560","targetHints":{"allow":["GET"]}}],"collection":[{"href":"https:\/\/knapp-service.de\/en\/wp-json\/wp\/v2\/pages"}],"about":[{"href":"https:\/\/knapp-service.de\/en\/wp-json\/wp\/v2\/types\/page"}],"author":[{"embeddable":true,"href":"https:\/\/knapp-service.de\/en\/wp-json\/wp\/v2\/users\/1"}],"replies":[{"embeddable":true,"href":"https:\/\/knapp-service.de\/en\/wp-json\/wp\/v2\/comments?post=1560"}],"version-history":[{"count":0,"href":"https:\/\/knapp-service.de\/en\/wp-json\/wp\/v2\/pages\/1560\/revisions"}],"up":[{"embeddable":true,"href":"https:\/\/knapp-service.de\/en\/wp-json\/wp\/v2\/pages\/1564"}],"wp:featuredmedia":[{"embeddable":true,"href":"https:\/\/knapp-service.de\/en\/wp-json\/wp\/v2\/media\/63"}],"wp:attachment":[{"href":"https:\/\/knapp-service.de\/en\/wp-json\/wp\/v2\/media?parent=1560"}],"curies":[{"name":"wp","href":"https:\/\/api.w.org\/{rel}","templated":true}]}}